{"id":24,"date":"2019-07-22T16:27:12","date_gmt":"2019-07-22T19:27:12","guid":{"rendered":"http:\/\/meubroker.com.br\/mirasol\/?page_id=24"},"modified":"2020-09-23T15:57:42","modified_gmt":"2020-09-23T18:57:42","slug":"a-mirasol","status":"publish","type":"page","link":"https:\/\/meubroker.com.br\/mirasol\/a-mirasol\/","title":{"rendered":"A Mirasol"},"content":{"rendered":"\t\t<div data-elementor-type=\"wp-post\" data-elementor-id=\"24\" class=\"elementor elementor-24\">\n\t\t\t\t\t\t<section class=\"elementor-section elementor-top-section elementor-element elementor-element-ff7bbac elementor-section-boxed elementor-section-height-default elementor-section-height-default\" data-id=\"ff7bbac\" data-element_type=\"section\">\n\t\t\t\t\t\t<div class=\"elementor-container elementor-column-gap-default\">\n\t\t\t\t\t<div class=\"elementor-column elementor-col-100 elementor-top-column elementor-element elementor-element-9910ab9\" data-id=\"9910ab9\" data-element_type=\"column\">\n\t\t\t<div class=\"elementor-widget-wrap elementor-element-populated\">\n\t\t\t\t\t\t<div class=\"elementor-element elementor-element-9ad2ddf elementor-widget elementor-widget-image\" data-id=\"9ad2ddf\" data-element_type=\"widget\" data-widget_type=\"image.default\">\n\t\t\t\t<div class=\"elementor-widget-container\">\n\t\t\t\t\t\t\t\t\t\t\t\t\t\t\t<img fetchpriority=\"high\" decoding=\"async\" width=\"690\" height=\"276\" src=\"https:\/\/meubroker.com.br\/mirasol\/wp-content\/uploads\/2019\/07\/foto-aerea-mirasol.jpg\" class=\"attachment-large size-large wp-image-26\" alt=\"\" srcset=\"https:\/\/meubroker.com.br\/mirasol\/wp-content\/uploads\/2019\/07\/foto-aerea-mirasol.jpg 690w, https:\/\/meubroker.com.br\/mirasol\/wp-content\/uploads\/2019\/07\/foto-aerea-mirasol-300x120.jpg 300w\" sizes=\"(max-width: 690px) 100vw, 690px\" \/>\t\t\t\t\t\t\t\t\t\t\t\t\t\t\t<\/div>\n\t\t\t\t<\/div>\n\t\t\t\t<div class=\"elementor-element elementor-element-235d75d elementor-widget elementor-widget-text-editor\" data-id=\"235d75d\" data-element_type=\"widget\" data-widget_type=\"text-editor.default\">\n\t\t\t\t<div class=\"elementor-widget-container\">\n\t\t\t\t\t\t\t\t\t<p>A Distribuidora de Alimentos Mirasol LTDA, foi fundada em 1992, como atacado generalista, na cidade de Feira de Santana, sendo distribuidora especializada em chocolates, achocolatados, biscoitos e a linha Maggi.<\/p><p>Em 1998 a Mirasol passa a ser um DAN \u2013 Distribuidora Autorizada Nestl\u00e9. Foi uma das pioneiras a atuar no ramo no estado da Bahia. Atualmente \u00e9 uma empresa consolidada na \u00e1rea de distribui\u00e7\u00e3o atingindo cerca de 169 munic\u00edpios no Estado da Bahia.<\/p><p>Em outubro de 2007, a Mirasol passou a ser um Broker, uma evolu\u00e7\u00e3o empresarial quanto \u00e0 forma de operacionalizar as suas atividades log\u00edsticas, operam com a linha completa do fabricante, dando suporte \u00e1s a\u00e7\u00f5es da ind\u00fastria no ponto-de-venda, na escolha do mix que melhor se adapte ao varejista. Os Brokers funcionam como retaguarda para seus parceiros, oferecendo as melhores op\u00e7\u00f5es de abastecimento de produtos, planos de marketing, vendas e apoio a gest\u00e3o das lojas.<\/p><p>A equipe de profissionais que atuam nas \u00e1reas de vendas, distribui\u00e7\u00e3o, administra\u00e7\u00e3o e log\u00edstica s\u00e3o composta por colaboradores qualificados e preparados para um atendimento especializado junto aos seus clientes. A parceria com a Nestl\u00e9 exige cada vez mais uma qualifica\u00e7\u00e3o composta de treinamentos e investimentos, que contribuem para um atendimento especializado.<\/p>\t\t\t\t\t\t\t\t<\/div>\n\t\t\t\t<\/div>\n\t\t\t\t<div class=\"elementor-element elementor-element-d935ab1 elementor-widget elementor-widget-html\" data-id=\"d935ab1\" data-element_type=\"widget\" data-widget_type=\"html.default\">\n\t\t\t\t<div class=\"elementor-widget-container\">\n\t\t\t\t\t<h1>MISS\u00c3O<\/h1> \n\n\n\"Assegurar a presen\u00e7a dos nossos produtos onde, como e quando o consumidor desejar, atrav\u00e9s do melhor atendimento de vendas, com execu\u00e7\u00e3o das estrat\u00e9gias comerciais e nos nossos princ\u00edpios e valores organizacionais\u201d.\n<br><br>\n<h1>VIS\u00c3O<\/h1>\n\u201cSer reconhecida como uma empresa empreendedora e l\u00edder na distribui\u00e7\u00e3o de alimentos, atrav\u00e9s de um atendimento de qualidade e agilidade nos servi\u00e7os prestados a clientes, proporcionando um ambiente de neg\u00f3cios, que aumente o seu valor de forma permanente e sustentada por meio de satisfa\u00e7\u00e3o de todos os seus interlocutores diretos e indiretos.\u201d.\t\t\t\t<\/div>\n\t\t\t\t<\/div>\n\t\t\t\t\t<\/div>\n\t\t<\/div>\n\t\t\t\t\t<\/div>\n\t\t<\/section>\n\t\t\t\t<section class=\"elementor-section elementor-top-section elementor-element elementor-element-13a4bcb elementor-section-boxed elementor-section-height-default elementor-section-height-default\" data-id=\"13a4bcb\" data-element_type=\"section\">\n\t\t\t\t\t\t<div class=\"elementor-container elementor-column-gap-default\">\n\t\t\t\t\t<div class=\"elementor-column elementor-col-100 elementor-top-column elementor-element elementor-element-477239e\" data-id=\"477239e\" data-element_type=\"column\">\n\t\t\t<div class=\"elementor-widget-wrap\">\n\t\t\t\t\t\t\t<\/div>\n\t\t<\/div>\n\t\t\t\t\t<\/div>\n\t\t<\/section>\n\t\t\t\t<\/div>\n\t\t","protected":false},"excerpt":{"rendered":"<p>A Distribuidora de Alimentos Mirasol LTDA, foi fundada em 1992, como atacado generalista, na cidade de Feira de Santana, sendo distribuidora especializada em chocolates, achocolatados, biscoitos e a linha Maggi. Em 1998 a Mirasol passa a ser um DAN \u2013 Distribuidora Autorizada Nestl\u00e9. Foi uma das pioneiras a atuar no ramo no estado da Bahia. [&hellip;]<\/p>\n","protected":false},"author":1,"featured_media":0,"parent":0,"menu_order":0,"comment_status":"closed","ping_status":"closed","template":"","meta":{"footnotes":""},"class_list":["post-24","page","type-page","status-publish","hentry","wpbf-post"],"_links":{"self":[{"href":"https:\/\/meubroker.com.br\/mirasol\/wp-json\/wp\/v2\/pages\/24","targetHints":{"allow":["GET"]}}],"collection":[{"href":"https:\/\/meubroker.com.br\/mirasol\/wp-json\/wp\/v2\/pages"}],"about":[{"href":"https:\/\/meubroker.com.br\/mirasol\/wp-json\/wp\/v2\/types\/page"}],"author":[{"embeddable":true,"href":"https:\/\/meubroker.com.br\/mirasol\/wp-json\/wp\/v2\/users\/1"}],"replies":[{"embeddable":true,"href":"https:\/\/meubroker.com.br\/mirasol\/wp-json\/wp\/v2\/comments?post=24"}],"version-history":[{"count":9,"href":"https:\/\/meubroker.com.br\/mirasol\/wp-json\/wp\/v2\/pages\/24\/revisions"}],"predecessor-version":[{"id":347,"href":"https:\/\/meubroker.com.br\/mirasol\/wp-json\/wp\/v2\/pages\/24\/revisions\/347"}],"wp:attachment":[{"href":"https:\/\/meubroker.com.br\/mirasol\/wp-json\/wp\/v2\/media?parent=24"}],"curies":[{"name":"wp","href":"https:\/\/api.w.org\/{rel}","templated":true}]}}