{"id":38,"date":"2019-07-22T16:45:42","date_gmt":"2019-07-22T19:45:42","guid":{"rendered":"http:\/\/meubroker.com.br\/mirasol\/?page_id=38"},"modified":"2020-08-04T15:32:29","modified_gmt":"2020-08-04T18:32:29","slug":"onde-estamos","status":"publish","type":"page","link":"https:\/\/meubroker.com.br\/mirasol\/onde-estamos\/","title":{"rendered":"Atua\u00e7\u00e3o"},"content":{"rendered":"\t\t<div data-elementor-type=\"wp-post\" data-elementor-id=\"38\" class=\"elementor elementor-38\">\n\t\t\t\t\t\t<section class=\"elementor-section elementor-top-section elementor-element elementor-element-1f6761d elementor-section-boxed elementor-section-height-default elementor-section-height-default\" data-id=\"1f6761d\" data-element_type=\"section\">\n\t\t\t\t\t\t<div class=\"elementor-container elementor-column-gap-default\">\n\t\t\t\t\t<div class=\"elementor-column elementor-col-100 elementor-top-column elementor-element elementor-element-96c7878\" data-id=\"96c7878\" data-element_type=\"column\">\n\t\t\t<div class=\"elementor-widget-wrap elementor-element-populated\">\n\t\t\t\t\t\t<div class=\"elementor-element elementor-element-de8794a elementor-invisible elementor-widget elementor-widget-html\" data-id=\"de8794a\" data-element_type=\"widget\" data-settings=\"{&quot;_animation&quot;:&quot;fadeIn&quot;}\" data-widget_type=\"html.default\">\n\t\t\t\t<div class=\"elementor-widget-container\">\n\t\t\t\t\t<H1>Onde Estamos<\/H1>\n\nFeira de Santana tem uma popula\u00e7\u00e3o 591.707 habitantes (IBGE, 2009), possui uma \u00e1rea de 1.338,14 km\u00b2, sendo reconhecida como o portal do sert\u00e3o por estar situada no in\u00edcio do agreste baiano. A cidade possui um dos maiores entroncamentos do pa\u00eds e maior do Norte e Nordeste, hoje a cidade \u00e9 a principal porta de entrada para o interior da Bahia.\n\nA princesa do Sert\u00e3o assim chamada por muitos, possui o encontro das BRs 101,116 e 324, funcionando como ponto de passagem para o tr\u00e1fego que vem do Sul e do Centro Oeste que se dirige para Salvador e outras importantes cidades nordestinas. Devido a essa posi\u00e7\u00e3o privilegiada e \u00e0 dist\u00e2ncia relativamente pequena da capital Salvador, possui um importante e diversificado setor de com\u00e9rcio e servi\u00e7os.\n\n\u00c9 nesta cidade que esta localizada a Distribuidora de Alimentos Mirasol, que fica a aproximadamente 100 km da capital. A Mirasol atua em Feira de Santana e munic\u00edpios vizinhos, abrangendo as principais cidades do norte ao oeste baiano.\t\t\t\t<\/div>\n\t\t\t\t<\/div>\n\t\t\t\t\t<\/div>\n\t\t<\/div>\n\t\t\t\t\t<\/div>\n\t\t<\/section>\n\t\t\t\t<section class=\"elementor-section elementor-top-section elementor-element elementor-element-b7bd5e6 elementor-section-boxed elementor-section-height-default elementor-section-height-default\" data-id=\"b7bd5e6\" data-element_type=\"section\">\n\t\t\t\t\t\t<div class=\"elementor-container elementor-column-gap-default\">\n\t\t\t\t\t<div class=\"elementor-column elementor-col-100 elementor-top-column elementor-element elementor-element-90c5230\" data-id=\"90c5230\" data-element_type=\"column\">\n\t\t\t<div class=\"elementor-widget-wrap elementor-element-populated\">\n\t\t\t\t\t\t<div class=\"elementor-element elementor-element-521a1ce elementor-widget elementor-widget-google_maps\" data-id=\"521a1ce\" data-element_type=\"widget\" data-widget_type=\"google_maps.default\">\n\t\t\t\t<div class=\"elementor-widget-container\">\n\t\t\t\t\t\t\t<div class=\"elementor-custom-embed\">\n\t\t\t<iframe loading=\"lazy\"\n\t\t\t\t\tsrc=\"https:\/\/maps.google.com\/maps?q=Mirasol%20Distribuidor%20Nestl%C3%A9&#038;t=m&#038;z=12&#038;output=embed&#038;iwloc=near\"\n\t\t\t\t\ttitle=\"Mirasol Distribuidor Nestl\u00e9\"\n\t\t\t\t\taria-label=\"Mirasol Distribuidor Nestl\u00e9\"\n\t\t\t><\/iframe>\n\t\t<\/div>\n\t\t\t\t\t\t<\/div>\n\t\t\t\t<\/div>\n\t\t\t\t\t<\/div>\n\t\t<\/div>\n\t\t\t\t\t<\/div>\n\t\t<\/section>\n\t\t\t\t<section class=\"elementor-section elementor-top-section elementor-element elementor-element-fad0af5 elementor-section-boxed elementor-section-height-default elementor-section-height-default\" data-id=\"fad0af5\" data-element_type=\"section\">\n\t\t\t\t\t\t<div class=\"elementor-container elementor-column-gap-default\">\n\t\t\t\t\t<div class=\"elementor-column elementor-col-100 elementor-top-column elementor-element elementor-element-97a387b\" data-id=\"97a387b\" data-element_type=\"column\">\n\t\t\t<div class=\"elementor-widget-wrap elementor-element-populated\">\n\t\t\t\t\t\t<div class=\"elementor-element elementor-element-8f0e29c elementor-widget elementor-widget-html\" data-id=\"8f0e29c\" data-element_type=\"widget\" data-widget_type=\"html.default\">\n\t\t\t\t<div class=\"elementor-widget-container\">\n\t\t\t\t\t<h1>Cidades Atendidas<\/h1>\n<table width=\"100%\" border=\"0\" cellspacing=\"5\" cellpadding=\"5\">\n      <tr>\n        <td width=\"33%\" valign=\"top\" bgcolor=\"#D4F3F3\">Acajutiba<br \/>\n          Adustina<br \/>\n          Agua Fria<br \/>\n          Alagoinhas<br \/>\n          Amelia Rodrigues<br \/>\n          America Dourada<br \/>\n          Andarai<br \/>\n          Angical<br \/>\n          Anguera<br \/>\n          Antas<br \/>\n          Antonio Cardoso<br \/>\n          Apora<br \/>\n          Aracas<br \/>\n          Araci<br \/>\n          Aramari<br \/>\n          Baianopolis<br \/>\n          Baixa Grande<br \/>\n          Banzae<br \/>\n          Barra<br \/>\n          Barra do Mendes<br \/>\n          Barreiras<br \/>\n          Barro Alto<br \/>\n          Barrocas<br \/>\n          Biritinga<br \/>\n          Boa Vista do Tupim<br \/>\n          Boninal<br \/>\n          Bonito<br \/>\n          Brejolandia<br \/>\n          Brotas de Macaubas<br \/>\n          Cabaceiras do Paraguacu<br \/>\n          Cachoeira<br \/>\n          Cafarnaum<br \/>\n          Canapolis<br \/>\n          Canarana<br \/>\n          Candeal<br \/>\n          Cansancao<br \/>\n          Capela do Alto Alegre<br \/>\n          Cardeal da Silva<br \/>\n          Carinhanha<br \/>\n          Castro Alves<br \/>\n          Catu<br \/>\n          Central<br \/>\n          Cicero Dantas<br \/>\n          Cipo<br \/>\n          Coaraci<br \/>\n          Cocos<br \/>\n          Conceicao da Feira<br \/>\n          Conceicao do Almeida<br \/>\n          Conceicao do Coite<br \/>\n          Conceicao do Jacuipe<br \/>\n          Conde<br \/>\n          Coracao de Maria<br \/>\n          Coribe<br \/>\n          Coronel Joao Sa<br \/>\n          Correntina<br \/>\n          Cotegipe<br \/>\n          Crisopolis<br \/>\n          Cruz das Almas<br \/>\n          Dom Macedo Costa<br \/><\/td>\n        <td width=\"33%\" valign=\"top\" bgcolor=\"#9CDDE9\">Entre Rios<br \/>\n          Esplanada<br \/>\n          Euclides da Cunha<br \/>\n          Fatima<br \/>\n          Feira de Santana<br \/>\n          Formosa do Rio Preto<br \/>\n          Gaviao<br \/>\n          Gentio do Ouro <br \/>\n          Governador Mangabeira<br \/>\n          Heliopolis<br \/>\n          Humildes<br \/>\n          Ibipeba<br \/>\n          Ibiquera<br \/>\n          Ibitiara<br \/>\n          Ibitita<br \/>\n          Ibotirama<br \/>\n          Ichu<br \/>\n          Inhambupe<br \/>\n          Ipecaeta<br \/>\n          Ipira<br \/>\n          Ipupiara<br \/>\n          Iraquara<br \/>\n          Irara<br \/>\n          Irece<br \/>\n          Itaberaba<br \/>\n          Itaguacu da Bahia<br \/>\n          Itamira<br \/>\n          Itapicuru<br \/>\n          Itatim<br \/>\n          Itubera<br \/>\n          Jaborandi<br \/>\n          Jaiba<br \/>\n          Jandaira<br \/>\n          Jeremoabo<br \/>\n          Joao Dourado<br \/>\n          Jussara<br \/>\n          Lamarao<br \/>\n          Lapao<br \/>\n          Lencois<br \/>\n          Luis Eduardo Magalhaes<br \/>\n          Macajuba<br \/>\n          Maragogipe<br \/>\n          Monte Santo<br \/>\n          Morro do Chapeu<br \/>\n          Mucuge<br \/>\n          Mulungu do Morro<br \/>\n          Mundo Novo<br \/>\n          Muquem de Sao Francisco<br \/>\n          Muritiba<br \/>\n          Nordestina<br \/>\n          Nova Fatima<br \/>\n          Nova Redencao<br \/>\n          Nova Soure<br \/>\n          Novo Horizonte<br \/>\n          Novo Triunfo<br \/>\n          Olindina<br \/>\n          Oliveira dos Brejinhos<br \/>\n          Ouricangas<br \/>\n          Palmeiras<br \/><\/td>\n        <td width=\"33%\" valign=\"top\" bgcolor=\"#60ABE2\">Paripiranga<br \/>\nPe de Serra<br \/>\nPintadas<br \/>\n          Piritiba<br \/>\n          Pojuca<br \/>\n          Presidente Dutra<br \/>\n          Queimadas<br \/>\n          Quijingue<br \/>\n          Rafael Jambeiro<br \/>\n          Retirolandia<br \/>\n          Riachao das Neves<br \/>\n          Riachao do Jacuipe<br \/>\n          Ribeira do Amparo<br \/>\n          Ribeira do Pombal<br \/>\n          Rio Real<br \/>\n          Ruy Barbosa<br \/>\n          Santa Barbara<br \/>\n          Santa Maria da Vitoria<br \/>\n          Santa Rita de Cassia<br \/>\n          Santa Terezinha<br \/>\n          Santaluz<br \/>\n          Santana<br \/>\n          Santanopolis<br \/>\n          Santo Amaro<br \/>\n          Santo Estevao<br \/>\n          Sao Desiderio<br \/>\n          Sao Domingos<br \/>\n          Sao Felipe<br \/>\n          Sao Felix<br \/>\n          Sao Felix do Coribe<br \/>\n          Sao Francisco do Conde<br \/>\n          Sao Gabriel<br \/>\n          Sao Goncalo dos Campos<br \/>\n          Sao Sebastiao do Passe<br \/>\n          Sapeacu<br \/>\n          Satiro Dias<br \/>\n          Saubara<br \/>\n          Seabra<br \/>\n          Serra do Ramalho<br \/>\n          Serra Dourada<br \/>\n          Serra Preta<br \/>\n          Serrinha<br \/>\n          Sitio do Quinto<br \/>\n          Souto Soares<br \/>\n          Tabocas do Brejo Velho<br \/>\n          Tanquinho<br \/>\n          Tapiramuta<br \/>\n          Teodoro Sampaio<br \/>\n          Teofilandia<br \/>\n          Terra Nova<br \/>\n          Tucano<br \/>\n          Uibai<br \/>\n          Utinga<br \/>\n          Valenca<br \/>\n          Valente<br \/>\n          Wagner<br \/>\n          Wanderley<br \/>\n          Xique Xique <\/td>\n      <\/tr>\n    <\/table>\n    <p>&nbsp;<\/p>\n<\/div>\n<\/div>\n\t\t\t\t<\/div>\n\t\t\t\t<\/div>\n\t\t\t\t\t<\/div>\n\t\t<\/div>\n\t\t\t\t\t<\/div>\n\t\t<\/section>\n\t\t\t\t<\/div>\n\t\t","protected":false},"excerpt":{"rendered":"<p>Onde Estamos Feira de Santana tem uma popula\u00e7\u00e3o 591.707 habitantes (IBGE, 2009), possui uma \u00e1rea de 1.338,14 km\u00b2, sendo reconhecida como o portal do sert\u00e3o por estar situada no in\u00edcio do agreste baiano. A cidade possui um dos maiores entroncamentos do pa\u00eds e maior do Norte e Nordeste, hoje a cidade \u00e9 a principal porta [&hellip;]<\/p>\n","protected":false},"author":1,"featured_media":0,"parent":0,"menu_order":0,"comment_status":"closed","ping_status":"closed","template":"","meta":{"footnotes":""},"class_list":["post-38","page","type-page","status-publish","hentry","wpbf-post"],"_links":{"self":[{"href":"https:\/\/meubroker.com.br\/mirasol\/wp-json\/wp\/v2\/pages\/38","targetHints":{"allow":["GET"]}}],"collection":[{"href":"https:\/\/meubroker.com.br\/mirasol\/wp-json\/wp\/v2\/pages"}],"about":[{"href":"https:\/\/meubroker.com.br\/mirasol\/wp-json\/wp\/v2\/types\/page"}],"author":[{"embeddable":true,"href":"https:\/\/meubroker.com.br\/mirasol\/wp-json\/wp\/v2\/users\/1"}],"replies":[{"embeddable":true,"href":"https:\/\/meubroker.com.br\/mirasol\/wp-json\/wp\/v2\/comments?post=38"}],"version-history":[{"count":9,"href":"https:\/\/meubroker.com.br\/mirasol\/wp-json\/wp\/v2\/pages\/38\/revisions"}],"predecessor-version":[{"id":343,"href":"https:\/\/meubroker.com.br\/mirasol\/wp-json\/wp\/v2\/pages\/38\/revisions\/343"}],"wp:attachment":[{"href":"https:\/\/meubroker.com.br\/mirasol\/wp-json\/wp\/v2\/media?parent=38"}],"curies":[{"name":"wp","href":"https:\/\/api.w.org\/{rel}","templated":true}]}}