{"id":62,"date":"2019-07-23T08:34:07","date_gmt":"2019-07-23T11:34:07","guid":{"rendered":"http:\/\/meubroker.com.br\/mirasol\/?page_id=62"},"modified":"2019-07-24T16:10:46","modified_gmt":"2019-07-24T19:10:46","slug":"contato","status":"publish","type":"page","link":"https:\/\/meubroker.com.br\/mirasol\/contato\/","title":{"rendered":"Contato"},"content":{"rendered":"\t\t<div data-elementor-type=\"wp-post\" data-elementor-id=\"62\" class=\"elementor elementor-62\">\n\t\t\t\t\t\t<section class=\"elementor-section elementor-top-section elementor-element elementor-element-df8b018 elementor-section-boxed elementor-section-height-default elementor-section-height-default\" data-id=\"df8b018\" data-element_type=\"section\">\n\t\t\t\t\t\t<div class=\"elementor-container elementor-column-gap-default\">\n\t\t\t\t\t<div class=\"elementor-column elementor-col-100 elementor-top-column elementor-element elementor-element-26e2721\" data-id=\"26e2721\" data-element_type=\"column\">\n\t\t\t<div class=\"elementor-widget-wrap elementor-element-populated\">\n\t\t\t\t\t\t<div class=\"elementor-element elementor-element-cb9a7a6 elementor-widget elementor-widget-heading\" data-id=\"cb9a7a6\" data-element_type=\"widget\" data-widget_type=\"heading.default\">\n\t\t\t\t<div class=\"elementor-widget-container\">\n\t\t\t\t\t<h1 class=\"elementor-heading-title elementor-size-xl\">Fone: (75)2101.7777\u200b<\/h1>\t\t\t\t<\/div>\n\t\t\t\t<\/div>\n\t\t\t\t\t<\/div>\n\t\t<\/div>\n\t\t\t\t\t<\/div>\n\t\t<\/section>\n\t\t\t\t<section class=\"elementor-section elementor-top-section elementor-element elementor-element-6194399 elementor-section-boxed elementor-section-height-default elementor-section-height-default\" data-id=\"6194399\" data-element_type=\"section\">\n\t\t\t\t\t\t<div class=\"elementor-container elementor-column-gap-default\">\n\t\t\t\t\t<div class=\"elementor-column elementor-col-100 elementor-top-column elementor-element elementor-element-1bedc7d\" data-id=\"1bedc7d\" data-element_type=\"column\">\n\t\t\t<div class=\"elementor-widget-wrap elementor-element-populated\">\n\t\t\t\t\t\t<div class=\"elementor-element elementor-element-82b4d9f elementor-widget-divider--view-line elementor-widget elementor-widget-divider\" data-id=\"82b4d9f\" data-element_type=\"widget\" data-widget_type=\"divider.default\">\n\t\t\t\t<div class=\"elementor-widget-container\">\n\t\t\t\t\t\t\t<div class=\"elementor-divider\">\n\t\t\t<span class=\"elementor-divider-separator\">\n\t\t\t\t\t\t<\/span>\n\t\t<\/div>\n\t\t\t\t\t\t<\/div>\n\t\t\t\t<\/div>\n\t\t\t\t\t<\/div>\n\t\t<\/div>\n\t\t\t\t\t<\/div>\n\t\t<\/section>\n\t\t\t\t<section class=\"elementor-section elementor-top-section elementor-element elementor-element-2735d7e elementor-section-boxed elementor-section-height-default elementor-section-height-default\" data-id=\"2735d7e\" data-element_type=\"section\">\n\t\t\t\t\t\t<div class=\"elementor-container elementor-column-gap-default\">\n\t\t\t\t\t<div class=\"elementor-column elementor-col-33 elementor-top-column elementor-element elementor-element-7a1c105\" data-id=\"7a1c105\" data-element_type=\"column\">\n\t\t\t<div class=\"elementor-widget-wrap elementor-element-populated\">\n\t\t\t\t\t\t<div class=\"elementor-element elementor-element-f97b5cc elementor-position-top elementor-widget elementor-widget-image-box\" data-id=\"f97b5cc\" data-element_type=\"widget\" data-widget_type=\"image-box.default\">\n\t\t\t\t<div class=\"elementor-widget-container\">\n\t\t\t\t\t<div class=\"elementor-image-box-wrapper\"><figure class=\"elementor-image-box-img\"><img fetchpriority=\"high\" decoding=\"async\" width=\"1669\" height=\"1701\" src=\"https:\/\/meubroker.com.br\/mirasol\/wp-content\/uploads\/2019\/07\/atendimento.png\" class=\"attachment-full size-full wp-image-166\" alt=\"\" srcset=\"https:\/\/meubroker.com.br\/mirasol\/wp-content\/uploads\/2019\/07\/atendimento.png 1669w, https:\/\/meubroker.com.br\/mirasol\/wp-content\/uploads\/2019\/07\/atendimento-294x300.png 294w, https:\/\/meubroker.com.br\/mirasol\/wp-content\/uploads\/2019\/07\/atendimento-768x783.png 768w, https:\/\/meubroker.com.br\/mirasol\/wp-content\/uploads\/2019\/07\/atendimento-1005x1024.png 1005w\" sizes=\"(max-width: 1669px) 100vw, 1669px\" \/><\/figure><div class=\"elementor-image-box-content\"><h3 class=\"elementor-image-box-title\">Sua mensagem<\/h3><p class=\"elementor-image-box-description\">Se deseja deixar sua mensagem, d\u00favidas, sugest\u00f5es, cr\u00edticas e elogios! Adicione seus contatos para que possamos retornar \u00e0s solicita\u00e7\u00f5es. <\/p><\/div><\/div>\t\t\t\t<\/div>\n\t\t\t\t<\/div>\n\t\t\t\t<div class=\"elementor-element elementor-element-f89b88b elementor-align-center elementor-widget elementor-widget-button\" data-id=\"f89b88b\" data-element_type=\"widget\" data-widget_type=\"button.default\">\n\t\t\t\t<div class=\"elementor-widget-container\">\n\t\t\t\t\t\t\t\t\t<div class=\"elementor-button-wrapper\">\n\t\t\t\t\t<a class=\"elementor-button elementor-button-link elementor-size-sm\" href=\"http:\/\/meubroker.com.br\/mirasol\/contato\/fale-conosco\/\">\n\t\t\t\t\t\t<span class=\"elementor-button-content-wrapper\">\n\t\t\t\t\t\t\t\t\t<span class=\"elementor-button-text\">Clique aqui<\/span>\n\t\t\t\t\t<\/span>\n\t\t\t\t\t<\/a>\n\t\t\t\t<\/div>\n\t\t\t\t\t\t\t\t<\/div>\n\t\t\t\t<\/div>\n\t\t\t\t<div class=\"elementor-element elementor-element-cd8eeed elementor-widget-divider--view-line elementor-widget elementor-widget-divider\" data-id=\"cd8eeed\" data-element_type=\"widget\" data-widget_type=\"divider.default\">\n\t\t\t\t<div class=\"elementor-widget-container\">\n\t\t\t\t\t\t\t<div class=\"elementor-divider\">\n\t\t\t<span class=\"elementor-divider-separator\">\n\t\t\t\t\t\t<\/span>\n\t\t<\/div>\n\t\t\t\t\t\t<\/div>\n\t\t\t\t<\/div>\n\t\t\t\t\t<\/div>\n\t\t<\/div>\n\t\t\t\t<div class=\"elementor-column elementor-col-33 elementor-top-column elementor-element elementor-element-6e48463\" data-id=\"6e48463\" data-element_type=\"column\">\n\t\t\t<div class=\"elementor-widget-wrap elementor-element-populated\">\n\t\t\t\t\t\t<div class=\"elementor-element elementor-element-0713869 elementor-position-top elementor-widget elementor-widget-image-box\" data-id=\"0713869\" data-element_type=\"widget\" data-widget_type=\"image-box.default\">\n\t\t\t\t<div class=\"elementor-widget-container\">\n\t\t\t\t\t<div class=\"elementor-image-box-wrapper\"><figure class=\"elementor-image-box-img\"><img decoding=\"async\" width=\"1695\" height=\"2286\" src=\"https:\/\/meubroker.com.br\/mirasol\/wp-content\/uploads\/2019\/07\/cliente.png\" class=\"attachment-full size-full wp-image-128\" alt=\"\" srcset=\"https:\/\/meubroker.com.br\/mirasol\/wp-content\/uploads\/2019\/07\/cliente.png 1695w, https:\/\/meubroker.com.br\/mirasol\/wp-content\/uploads\/2019\/07\/cliente-222x300.png 222w, https:\/\/meubroker.com.br\/mirasol\/wp-content\/uploads\/2019\/07\/cliente-768x1036.png 768w, https:\/\/meubroker.com.br\/mirasol\/wp-content\/uploads\/2019\/07\/cliente-759x1024.png 759w\" sizes=\"(max-width: 1695px) 100vw, 1695px\" \/><\/figure><div class=\"elementor-image-box-content\"><h3 class=\"elementor-image-box-title\">Seja nosso cliente<\/h3><p class=\"elementor-image-box-description\">Se deseja ser nosso cliente. Preencha um pr\u00e9-cadastro e aguarde o nosso breve retorno para que possamos atend\u00ea-lo, seja pessoa f\u00edsica ou jur\u00eddica!<\/p><\/div><\/div>\t\t\t\t<\/div>\n\t\t\t\t<\/div>\n\t\t\t\t<div class=\"elementor-element elementor-element-ee8dcef elementor-align-center elementor-widget elementor-widget-button\" data-id=\"ee8dcef\" data-element_type=\"widget\" data-widget_type=\"button.default\">\n\t\t\t\t<div class=\"elementor-widget-container\">\n\t\t\t\t\t\t\t\t\t<div class=\"elementor-button-wrapper\">\n\t\t\t\t\t<a class=\"elementor-button elementor-button-link elementor-size-sm\" href=\"http:\/\/meubroker.com.br\/mirasol\/contato\/seja-cliente\/\">\n\t\t\t\t\t\t<span class=\"elementor-button-content-wrapper\">\n\t\t\t\t\t\t\t\t\t<span class=\"elementor-button-text\">Clique aqui<\/span>\n\t\t\t\t\t<\/span>\n\t\t\t\t\t<\/a>\n\t\t\t\t<\/div>\n\t\t\t\t\t\t\t\t<\/div>\n\t\t\t\t<\/div>\n\t\t\t\t<div class=\"elementor-element elementor-element-ca5ad86 elementor-widget-divider--view-line elementor-widget elementor-widget-divider\" data-id=\"ca5ad86\" data-element_type=\"widget\" data-widget_type=\"divider.default\">\n\t\t\t\t<div class=\"elementor-widget-container\">\n\t\t\t\t\t\t\t<div class=\"elementor-divider\">\n\t\t\t<span class=\"elementor-divider-separator\">\n\t\t\t\t\t\t<\/span>\n\t\t<\/div>\n\t\t\t\t\t\t<\/div>\n\t\t\t\t<\/div>\n\t\t\t\t\t<\/div>\n\t\t<\/div>\n\t\t\t\t<div class=\"elementor-column elementor-col-33 elementor-top-column elementor-element elementor-element-b97e3d5\" data-id=\"b97e3d5\" data-element_type=\"column\">\n\t\t\t<div class=\"elementor-widget-wrap elementor-element-populated\">\n\t\t\t\t\t\t<div class=\"elementor-element elementor-element-00b091f elementor-position-top elementor-widget elementor-widget-image-box\" data-id=\"00b091f\" data-element_type=\"widget\" data-widget_type=\"image-box.default\">\n\t\t\t\t<div class=\"elementor-widget-container\">\n\t\t\t\t\t<div class=\"elementor-image-box-wrapper\"><figure class=\"elementor-image-box-img\"><img decoding=\"async\" width=\"2468\" height=\"1810\" src=\"https:\/\/meubroker.com.br\/mirasol\/wp-content\/uploads\/2019\/07\/equipe.png\" class=\"attachment-full size-full wp-image-155\" alt=\"\" srcset=\"https:\/\/meubroker.com.br\/mirasol\/wp-content\/uploads\/2019\/07\/equipe.png 2468w, https:\/\/meubroker.com.br\/mirasol\/wp-content\/uploads\/2019\/07\/equipe-300x220.png 300w, https:\/\/meubroker.com.br\/mirasol\/wp-content\/uploads\/2019\/07\/equipe-768x563.png 768w, https:\/\/meubroker.com.br\/mirasol\/wp-content\/uploads\/2019\/07\/equipe-1024x751.png 1024w\" sizes=\"(max-width: 2468px) 100vw, 2468px\" \/><\/figure><div class=\"elementor-image-box-content\"><h3 class=\"elementor-image-box-title\">Trabalhe conosco<\/h3><p class=\"elementor-image-box-description\">Se deseja enviar seus dados , e se candidatar a vagas que estejam dispon\u00edveis. N\u00e3o esque\u00e7a de anexar seu curriculo! Boa sorte!<\/p><\/div><\/div>\t\t\t\t<\/div>\n\t\t\t\t<\/div>\n\t\t\t\t<div class=\"elementor-element elementor-element-1f80020 elementor-align-center elementor-widget elementor-widget-button\" data-id=\"1f80020\" data-element_type=\"widget\" data-widget_type=\"button.default\">\n\t\t\t\t<div class=\"elementor-widget-container\">\n\t\t\t\t\t\t\t\t\t<div class=\"elementor-button-wrapper\">\n\t\t\t\t\t<a class=\"elementor-button elementor-button-link elementor-size-sm\" href=\"http:\/\/meubroker.com.br\/mirasol\/contato\/trabalhe-conosco\/\">\n\t\t\t\t\t\t<span class=\"elementor-button-content-wrapper\">\n\t\t\t\t\t\t\t\t\t<span class=\"elementor-button-text\">Clique aqui<\/span>\n\t\t\t\t\t<\/span>\n\t\t\t\t\t<\/a>\n\t\t\t\t<\/div>\n\t\t\t\t\t\t\t\t<\/div>\n\t\t\t\t<\/div>\n\t\t\t\t<div class=\"elementor-element elementor-element-a18c64a elementor-widget-divider--view-line elementor-widget elementor-widget-divider\" data-id=\"a18c64a\" data-element_type=\"widget\" data-widget_type=\"divider.default\">\n\t\t\t\t<div class=\"elementor-widget-container\">\n\t\t\t\t\t\t\t<div class=\"elementor-divider\">\n\t\t\t<span class=\"elementor-divider-separator\">\n\t\t\t\t\t\t<\/span>\n\t\t<\/div>\n\t\t\t\t\t\t<\/div>\n\t\t\t\t<\/div>\n\t\t\t\t\t<\/div>\n\t\t<\/div>\n\t\t\t\t\t<\/div>\n\t\t<\/section>\n\t\t\t\t<section class=\"elementor-section elementor-top-section elementor-element elementor-element-f20aafa elementor-section-boxed elementor-section-height-default elementor-section-height-default\" data-id=\"f20aafa\" data-element_type=\"section\">\n\t\t\t\t\t\t<div class=\"elementor-container elementor-column-gap-default\">\n\t\t\t\t\t<div class=\"elementor-column elementor-col-100 elementor-top-column elementor-element elementor-element-615f26f\" data-id=\"615f26f\" data-element_type=\"column\">\n\t\t\t<div class=\"elementor-widget-wrap elementor-element-populated\">\n\t\t\t\t\t\t<div class=\"elementor-element elementor-element-6cf582e elementor-widget elementor-widget-heading\" data-id=\"6cf582e\" data-element_type=\"widget\" data-widget_type=\"heading.default\">\n\t\t\t\t<div class=\"elementor-widget-container\">\n\t\t\t\t\t<h2 class=\"elementor-heading-title elementor-size-default\">Av. Luis Eduardo Maralh\u00e3es - KM522 - Feira de Santana - BA<\/h2>\t\t\t\t<\/div>\n\t\t\t\t<\/div>\n\t\t\t\t<div class=\"elementor-element elementor-element-a442742 elementor-widget elementor-widget-google_maps\" data-id=\"a442742\" data-element_type=\"widget\" data-widget_type=\"google_maps.default\">\n\t\t\t\t<div class=\"elementor-widget-container\">\n\t\t\t\t\t\t\t<div class=\"elementor-custom-embed\">\n\t\t\t<iframe loading=\"lazy\"\n\t\t\t\t\tsrc=\"https:\/\/maps.google.com\/maps?q=Mirasol%20Distribuidor&#038;t=m&#038;z=10&#038;output=embed&#038;iwloc=near\"\n\t\t\t\t\ttitle=\"Mirasol Distribuidor\"\n\t\t\t\t\taria-label=\"Mirasol Distribuidor\"\n\t\t\t><\/iframe>\n\t\t<\/div>\n\t\t\t\t\t\t<\/div>\n\t\t\t\t<\/div>\n\t\t\t\t\t<\/div>\n\t\t<\/div>\n\t\t\t\t\t<\/div>\n\t\t<\/section>\n\t\t\t\t<\/div>\n\t\t","protected":false},"excerpt":{"rendered":"<p>Fone: (75)2101.7777\u200b Sua mensagem Se deseja deixar sua mensagem, d\u00favidas, sugest\u00f5es, cr\u00edticas e elogios! Adicione seus contatos para que possamos retornar \u00e0s solicita\u00e7\u00f5es. Clique aqui Seja nosso cliente Se deseja ser nosso cliente. Preencha um pr\u00e9-cadastro e aguarde o nosso breve retorno para que possamos atend\u00ea-lo, seja pessoa f\u00edsica ou jur\u00eddica! Clique aqui Trabalhe conosco [&hellip;]<\/p>\n","protected":false},"author":1,"featured_media":0,"parent":0,"menu_order":0,"comment_status":"closed","ping_status":"closed","template":"","meta":{"footnotes":""},"class_list":["post-62","page","type-page","status-publish","hentry","wpbf-post"],"_links":{"self":[{"href":"https:\/\/meubroker.com.br\/mirasol\/wp-json\/wp\/v2\/pages\/62","targetHints":{"allow":["GET"]}}],"collection":[{"href":"https:\/\/meubroker.com.br\/mirasol\/wp-json\/wp\/v2\/pages"}],"about":[{"href":"https:\/\/meubroker.com.br\/mirasol\/wp-json\/wp\/v2\/types\/page"}],"author":[{"embeddable":true,"href":"https:\/\/meubroker.com.br\/mirasol\/wp-json\/wp\/v2\/users\/1"}],"replies":[{"embeddable":true,"href":"https:\/\/meubroker.com.br\/mirasol\/wp-json\/wp\/v2\/comments?post=62"}],"version-history":[{"count":17,"href":"https:\/\/meubroker.com.br\/mirasol\/wp-json\/wp\/v2\/pages\/62\/revisions"}],"predecessor-version":[{"id":191,"href":"https:\/\/meubroker.com.br\/mirasol\/wp-json\/wp\/v2\/pages\/62\/revisions\/191"}],"wp:attachment":[{"href":"https:\/\/meubroker.com.br\/mirasol\/wp-json\/wp\/v2\/media?parent=62"}],"curies":[{"name":"wp","href":"https:\/\/api.w.org\/{rel}","templated":true}]}}