{"id":65,"date":"2019-07-23T08:36:22","date_gmt":"2019-07-23T11:36:22","guid":{"rendered":"http:\/\/meubroker.com.br\/mirasol\/?page_id=65"},"modified":"2024-04-16T12:09:03","modified_gmt":"2024-04-16T15:09:03","slug":"trabalhe-conosco","status":"publish","type":"page","link":"https:\/\/meubroker.com.br\/mirasol\/contato\/trabalhe-conosco\/","title":{"rendered":"Trabalhe Conosco"},"content":{"rendered":"\t\t<div data-elementor-type=\"wp-post\" data-elementor-id=\"65\" class=\"elementor elementor-65\">\n\t\t\t\t\t\t<section class=\"elementor-section elementor-top-section elementor-element elementor-element-561c56b elementor-section-boxed elementor-section-height-default elementor-section-height-default\" data-id=\"561c56b\" data-element_type=\"section\">\n\t\t\t\t\t\t<div class=\"elementor-container elementor-column-gap-default\">\n\t\t\t\t\t<div class=\"elementor-column elementor-col-50 elementor-top-column elementor-element elementor-element-03c526a\" data-id=\"03c526a\" data-element_type=\"column\">\n\t\t\t<div class=\"elementor-widget-wrap elementor-element-populated\">\n\t\t\t\t\t\t<div class=\"elementor-element elementor-element-73650a5 elementor-widget elementor-widget-shortcode\" data-id=\"73650a5\" data-element_type=\"widget\" data-widget_type=\"shortcode.default\">\n\t\t\t\t<div class=\"elementor-widget-container\">\n\t\t\t\t\t\t\t<div class=\"elementor-shortcode\">\n<div class=\"wpcf7 no-js\" id=\"wpcf7-f153-o1\" lang=\"pt-BR\" dir=\"ltr\" data-wpcf7-id=\"153\">\n<div class=\"screen-reader-response\"><p role=\"status\" aria-live=\"polite\" aria-atomic=\"true\"><\/p> <ul><\/ul><\/div>\n<form action=\"\/mirasol\/wp-json\/wp\/v2\/pages\/65#wpcf7-f153-o1\" method=\"post\" class=\"wpcf7-form init\" aria-label=\"Formul\u00e1rios de contato\" enctype=\"multipart\/form-data\" novalidate=\"novalidate\" data-status=\"init\">\n<div style=\"display: none;\">\n<input type=\"hidden\" name=\"_wpcf7\" value=\"153\" \/>\n<input type=\"hidden\" name=\"_wpcf7_version\" value=\"6.0.6\" \/>\n<input type=\"hidden\" name=\"_wpcf7_locale\" value=\"pt_BR\" \/>\n<input type=\"hidden\" name=\"_wpcf7_unit_tag\" value=\"wpcf7-f153-o1\" \/>\n<input type=\"hidden\" name=\"_wpcf7_container_post\" value=\"0\" \/>\n<input type=\"hidden\" name=\"_wpcf7_posted_data_hash\" value=\"\" \/>\n<\/div>\n<p><label> Nome Completo (obrigat\u00f3rio)<br \/>\n<span class=\"wpcf7-form-control-wrap\" data-name=\"your-name\"><input size=\"40\" maxlength=\"400\" class=\"wpcf7-form-control wpcf7-text wpcf7-validates-as-required\" aria-required=\"true\" aria-invalid=\"false\" value=\"\" type=\"text\" name=\"your-name\" \/><\/span> <\/label>\n<\/p>\n<p><label> Telefone (obrigat\u00f3rio)<br \/>\n<span class=\"wpcf7-form-control-wrap\" data-name=\"telefone\"><input size=\"40\" maxlength=\"400\" class=\"wpcf7-form-control wpcf7-tel wpcf7-validates-as-required wpcf7-text wpcf7-validates-as-tel\" aria-required=\"true\" aria-invalid=\"false\" value=\"\" type=\"tel\" name=\"telefone\" \/><\/span> <\/label>\n<\/p>\n<p><label>E-mail (obrigat\u00f3rio)<br \/>\n<span class=\"wpcf7-form-control-wrap\" data-name=\"your-email\"><input size=\"40\" maxlength=\"400\" class=\"wpcf7-form-control wpcf7-email wpcf7-validates-as-required wpcf7-text wpcf7-validates-as-email\" aria-required=\"true\" aria-invalid=\"false\" value=\"\" type=\"email\" name=\"your-email\" \/><\/span> <\/label>\n<\/p>\n<p><label> \u00c1rea de Atua\u00e7\u00e3o(obrigat\u00f3rio)<br \/>\n<span class=\"wpcf7-form-control-wrap\" data-name=\"atuacao\"><select class=\"wpcf7-form-control wpcf7-select wpcf7-validates-as-required\" aria-required=\"true\" aria-invalid=\"false\" name=\"atuacao\"><option value=\"\">&#8212;Escolha uma op\u00e7\u00e3o&#8212;<\/option><option value=\"FINANCEIRO\">FINANCEIRO<\/option><option value=\"CONTABILIDADE\">CONTABILIDADE<\/option><option value=\"RECURSOS HUMANOS\">RECURSOS HUMANOS<\/option><option value=\"DEPARTAMENTO PESSOAL\">DEPARTAMENTO PESSOAL<\/option><option value=\"TECNOLOGIA\">TECNOLOGIA<\/option><option value=\"COMERCIAL-VENDEDOR\">COMERCIAL-VENDEDOR<\/option><option value=\"COMERCIAL-PROMOTOR\">COMERCIAL-PROMOTOR<\/option><option value=\"COMERCIAL-ANALISTA\">COMERCIAL-ANALISTA<\/option><option value=\"COMERCIAL-SUPERVISOR\">COMERCIAL-SUPERVISOR<\/option><option value=\"COMERCIAL-GERENCIA\">COMERCIAL-GERENCIA<\/option><option value=\"SERVI\u00c7OS GERAIS\">SERVI\u00c7OS GERAIS<\/option><option value=\"RECEP\u00c7\u00c3O\">RECEP\u00c7\u00c3O<\/option><option value=\"TRANSPORTES\">TRANSPORTES<\/option><option value=\"LOG\u00cdSTICA\">LOG\u00cdSTICA<\/option><option value=\"DEP\u00d3SITO\">DEP\u00d3SITO<\/option><option value=\"MOTORISTA\">MOTORISTA<\/option><option value=\"AJUDANTE\">AJUDANTE<\/option><option value=\"OUTROS\">OUTROS<\/option><\/select><\/span> <\/label>\n<\/p>\n<p><label> Possui Experi\u00eancia?<br \/>\n<span class=\"wpcf7-form-control-wrap\" data-name=\"experiencia\"><span class=\"wpcf7-form-control wpcf7-radio\"><span class=\"wpcf7-list-item first\"><input type=\"radio\" name=\"experiencia\" value=\"N\u00c3O\" checked=\"checked\" \/><span class=\"wpcf7-list-item-label\">N\u00c3O<\/span><\/span><span class=\"wpcf7-list-item last\"><input type=\"radio\" name=\"experiencia\" value=\"SIM\" \/><span class=\"wpcf7-list-item-label\">SIM<\/span><\/span><\/span><\/span> <\/label>\n<\/p>\n<p><label> Anexe seu curr\u00edculo em PDF ou Word<br \/>\n<span class=\"wpcf7-form-control-wrap\" data-name=\"arquivo-curriculo\"><input size=\"40\" class=\"wpcf7-form-control wpcf7-file wpcf7-validates-as-required\" accept=\".pdf,.doc,.docx\" aria-required=\"true\" aria-invalid=\"false\" type=\"file\" name=\"arquivo-curriculo\" \/><\/span> <\/label>\n<\/p>\n<p><label> Fale um pouco sobre voc\u00ea e seus objetivos!<br \/>\n<span class=\"wpcf7-form-control-wrap\" data-name=\"your-message\"><textarea cols=\"40\" rows=\"10\" maxlength=\"2000\" class=\"wpcf7-form-control wpcf7-textarea\" aria-invalid=\"false\" name=\"your-message\"><\/textarea><\/span> <\/label>\n<\/p>\n<h2> Termos de utiliza\u00e7\u00e3o\n<\/h2>\n<p><span class=\"wpcf7-form-control-wrap\" data-name=\"disclaimer\"><span class=\"wpcf7-form-control wpcf7-checkbox wpcf7-validates-as-required\"><span class=\"wpcf7-list-item first last\"><input type=\"checkbox\" name=\"disclaimer[]\" value=\"Estou ciente e de acordo que dados pessoais por mim fornecidos e enviados atrav\u00e9s deste formul\u00e1rio, servir\u00e3o somente para composi\u00e7\u00e3o do meu curr\u00edculo e para fins de contato futuro caso seja selecionado para poss\u00edveis oportunidades de trabalho.\" \/><span class=\"wpcf7-list-item-label\">Estou ciente e de acordo que dados pessoais por mim fornecidos e enviados atrav\u00e9s deste formul\u00e1rio, servir\u00e3o somente para composi\u00e7\u00e3o do meu curr\u00edculo e para fins de contato futuro caso seja selecionado para poss\u00edveis oportunidades de trabalho.<\/span><\/span><\/span><\/span>\n<\/p>\n<center> Caso tenha alguma d\u00favida, consulte nossa\n\t<p><a href=\"http:\/\/meubroker.com.br\/mirasol\/politica-de-privacidade\/\">Pol\u00edtica de Privacidade<\/a>\n\t<\/p>\n<\/center>\n<p><input class=\"wpcf7-form-control wpcf7-submit has-spinner\" type=\"submit\" value=\"Enviar Curriculo\" \/>\n<\/p><div class=\"wpcf7-response-output\" aria-hidden=\"true\"><\/div>\n<\/form>\n<\/div>\n<\/div>\n\t\t\t\t\t\t<\/div>\n\t\t\t\t<\/div>\n\t\t\t\t\t<\/div>\n\t\t<\/div>\n\t\t\t\t<div class=\"elementor-column elementor-col-50 elementor-top-column elementor-element elementor-element-0ff19bb\" data-id=\"0ff19bb\" data-element_type=\"column\">\n\t\t\t<div class=\"elementor-widget-wrap elementor-element-populated\">\n\t\t\t\t\t\t<div class=\"elementor-element elementor-element-31ab735 elementor-widget elementor-widget-image\" data-id=\"31ab735\" data-element_type=\"widget\" data-widget_type=\"image.default\">\n\t\t\t\t<div class=\"elementor-widget-container\">\n\t\t\t\t\t\t\t\t\t\t\t\t\t\t\t<img fetchpriority=\"high\" decoding=\"async\" width=\"1024\" height=\"751\" src=\"https:\/\/meubroker.com.br\/mirasol\/wp-content\/uploads\/2019\/07\/equipe-1024x751.png\" class=\"attachment-large size-large wp-image-155\" alt=\"\" srcset=\"https:\/\/meubroker.com.br\/mirasol\/wp-content\/uploads\/2019\/07\/equipe-1024x751.png 1024w, https:\/\/meubroker.com.br\/mirasol\/wp-content\/uploads\/2019\/07\/equipe-300x220.png 300w, https:\/\/meubroker.com.br\/mirasol\/wp-content\/uploads\/2019\/07\/equipe-768x563.png 768w\" sizes=\"(max-width: 1024px) 100vw, 1024px\" \/>\t\t\t\t\t\t\t\t\t\t\t\t\t\t\t<\/div>\n\t\t\t\t<\/div>\n\t\t\t\t\t<\/div>\n\t\t<\/div>\n\t\t\t\t\t<\/div>\n\t\t<\/section>\n\t\t\t\t<\/div>\n\t\t","protected":false},"excerpt":{"rendered":"","protected":false},"author":1,"featured_media":0,"parent":62,"menu_order":0,"comment_status":"closed","ping_status":"closed","template":"","meta":{"footnotes":""},"class_list":["post-65","page","type-page","status-publish","hentry","wpbf-post"],"_links":{"self":[{"href":"https:\/\/meubroker.com.br\/mirasol\/wp-json\/wp\/v2\/pages\/65","targetHints":{"allow":["GET"]}}],"collection":[{"href":"https:\/\/meubroker.com.br\/mirasol\/wp-json\/wp\/v2\/pages"}],"about":[{"href":"https:\/\/meubroker.com.br\/mirasol\/wp-json\/wp\/v2\/types\/page"}],"author":[{"embeddable":true,"href":"https:\/\/meubroker.com.br\/mirasol\/wp-json\/wp\/v2\/users\/1"}],"replies":[{"embeddable":true,"href":"https:\/\/meubroker.com.br\/mirasol\/wp-json\/wp\/v2\/comments?post=65"}],"version-history":[{"count":9,"href":"https:\/\/meubroker.com.br\/mirasol\/wp-json\/wp\/v2\/pages\/65\/revisions"}],"predecessor-version":[{"id":412,"href":"https:\/\/meubroker.com.br\/mirasol\/wp-json\/wp\/v2\/pages\/65\/revisions\/412"}],"up":[{"embeddable":true,"href":"https:\/\/meubroker.com.br\/mirasol\/wp-json\/wp\/v2\/pages\/62"}],"wp:attachment":[{"href":"https:\/\/meubroker.com.br\/mirasol\/wp-json\/wp\/v2\/media?parent=65"}],"curies":[{"name":"wp","href":"https:\/\/api.w.org\/{rel}","templated":true}]}}