{"id":72,"date":"2019-07-23T10:03:42","date_gmt":"2019-07-23T13:03:42","guid":{"rendered":"http:\/\/meubroker.com.br\/mirasol\/?page_id=72"},"modified":"2020-06-17T00:31:58","modified_gmt":"2020-06-17T03:31:58","slug":"fale-conosco","status":"publish","type":"page","link":"https:\/\/meubroker.com.br\/mirasol\/contato\/fale-conosco\/","title":{"rendered":"Fale Conosco"},"content":{"rendered":"\t\t<div data-elementor-type=\"wp-post\" data-elementor-id=\"72\" class=\"elementor elementor-72\">\n\t\t\t\t\t\t<section class=\"elementor-section elementor-top-section elementor-element elementor-element-5a67656 elementor-section-boxed elementor-section-height-default elementor-section-height-default\" data-id=\"5a67656\" data-element_type=\"section\">\n\t\t\t\t\t\t<div class=\"elementor-container elementor-column-gap-default\">\n\t\t\t\t\t<div class=\"elementor-column elementor-col-50 elementor-top-column elementor-element elementor-element-1dcf613\" data-id=\"1dcf613\" data-element_type=\"column\">\n\t\t\t<div class=\"elementor-widget-wrap elementor-element-populated\">\n\t\t\t\t\t\t<div class=\"elementor-element elementor-element-9d73ea6 elementor-widget elementor-widget-shortcode\" data-id=\"9d73ea6\" data-element_type=\"widget\" data-widget_type=\"shortcode.default\">\n\t\t\t\t<div class=\"elementor-widget-container\">\n\t\t\t\t\t\t\t<div class=\"elementor-shortcode\">\n<div class=\"wpcf7 no-js\" id=\"wpcf7-f163-o1\" lang=\"pt-BR\" dir=\"ltr\" data-wpcf7-id=\"163\">\n<div class=\"screen-reader-response\"><p role=\"status\" aria-live=\"polite\" aria-atomic=\"true\"><\/p> <ul><\/ul><\/div>\n<form action=\"\/mirasol\/wp-json\/wp\/v2\/pages\/72#wpcf7-f163-o1\" method=\"post\" class=\"wpcf7-form init\" aria-label=\"Formul\u00e1rios de contato\" novalidate=\"novalidate\" data-status=\"init\">\n<div style=\"display: none;\">\n<input type=\"hidden\" name=\"_wpcf7\" value=\"163\" \/>\n<input type=\"hidden\" name=\"_wpcf7_version\" value=\"6.0.6\" \/>\n<input type=\"hidden\" name=\"_wpcf7_locale\" value=\"pt_BR\" \/>\n<input type=\"hidden\" name=\"_wpcf7_unit_tag\" value=\"wpcf7-f163-o1\" \/>\n<input type=\"hidden\" name=\"_wpcf7_container_post\" value=\"0\" \/>\n<input type=\"hidden\" name=\"_wpcf7_posted_data_hash\" value=\"\" \/>\n<\/div>\n<p><label> Seu nome (obrigat\u00f3rio)<br \/>\n<span class=\"wpcf7-form-control-wrap\" data-name=\"your-name\"><input size=\"40\" maxlength=\"400\" class=\"wpcf7-form-control wpcf7-text wpcf7-validates-as-required\" aria-required=\"true\" aria-invalid=\"false\" value=\"\" type=\"text\" name=\"your-name\" \/><\/span> <\/label>\n<\/p>\n<p><label> Seu telefone(obrigat\u00f3rio)<br \/>\n<span class=\"wpcf7-form-control-wrap\" data-name=\"telefone\"><input class=\"wpcf7-form-control wpcf7-number wpcf7-validates-as-required wpcf7-validates-as-number\" aria-required=\"true\" aria-invalid=\"false\" value=\"\" type=\"number\" name=\"telefone\" \/><\/span> <\/label>\n<\/p>\n<p><label> Cidade(obrigat\u00f3rio)<br \/>\n<span class=\"wpcf7-form-control-wrap\" data-name=\"cidade\"><input size=\"40\" maxlength=\"400\" class=\"wpcf7-form-control wpcf7-text wpcf7-validates-as-required\" aria-required=\"true\" aria-invalid=\"false\" value=\"\" type=\"text\" name=\"cidade\" \/><\/span> <\/label>\n<\/p>\n<p><label> Seu e-mail (obrigat\u00f3rio)<br \/>\n<span class=\"wpcf7-form-control-wrap\" data-name=\"your-email\"><input size=\"40\" maxlength=\"400\" class=\"wpcf7-form-control wpcf7-email wpcf7-validates-as-required wpcf7-text wpcf7-validates-as-email\" aria-required=\"true\" aria-invalid=\"false\" value=\"\" type=\"email\" name=\"your-email\" \/><\/span> <\/label>\n<\/p>\n<p><label> Assunto<br \/>\n<span class=\"wpcf7-form-control-wrap\" data-name=\"your-subject\"><input size=\"40\" maxlength=\"400\" class=\"wpcf7-form-control wpcf7-text\" aria-invalid=\"false\" value=\"\" type=\"text\" name=\"your-subject\" \/><\/span> <\/label>\n<\/p>\n<p><label> Sua mensagem<br \/>\n<span class=\"wpcf7-form-control-wrap\" data-name=\"your-message\"><textarea cols=\"40\" rows=\"10\" maxlength=\"2000\" class=\"wpcf7-form-control wpcf7-textarea\" aria-invalid=\"false\" name=\"your-message\"><\/textarea><\/span> <\/label>\n<\/p>\n<h2> Termos de utiliza\u00e7\u00e3o\n<\/h2>\n<p><span class=\"wpcf7-form-control-wrap\" data-name=\"disclaimer\"><span class=\"wpcf7-form-control wpcf7-checkbox wpcf7-validates-as-required\"><span class=\"wpcf7-list-item first last\"><input type=\"checkbox\" name=\"disclaimer[]\" value=\"Estou ciente e de acordo que dados pessoais por mim fornecidos e enviados atrav\u00e9s deste formul\u00e1rio, servir\u00e3o somente para fins de contato e feedbacks da empresa Mirasol.\" \/><span class=\"wpcf7-list-item-label\">Estou ciente e de acordo que dados pessoais por mim fornecidos e enviados atrav\u00e9s deste formul\u00e1rio, servir\u00e3o somente para fins de contato e feedbacks da empresa Mirasol.<\/span><\/span><\/span><\/span>\n<\/p>\n<center> Caso tenha alguma d\u00favida, consulte nossa\n\t<p><a href=\"http:\/\/meubroker.com.br\/mirasol\/politica-de-privacidade\/\">Pol\u00edtica de Privacidade<\/a>\n\t<\/p>\n<\/center>\n<p><input class=\"wpcf7-form-control wpcf7-submit has-spinner\" type=\"submit\" value=\"Enviar\" \/>\n<\/p><div class=\"wpcf7-response-output\" aria-hidden=\"true\"><\/div>\n<\/form>\n<\/div>\n<\/div>\n\t\t\t\t\t\t<\/div>\n\t\t\t\t<\/div>\n\t\t\t\t\t<\/div>\n\t\t<\/div>\n\t\t\t\t<div class=\"elementor-column elementor-col-50 elementor-top-column elementor-element elementor-element-f50893e\" data-id=\"f50893e\" data-element_type=\"column\">\n\t\t\t<div class=\"elementor-widget-wrap elementor-element-populated\">\n\t\t\t\t\t\t<div class=\"elementor-element elementor-element-51140b0 elementor-widget elementor-widget-image\" data-id=\"51140b0\" data-element_type=\"widget\" data-widget_type=\"image.default\">\n\t\t\t\t<div class=\"elementor-widget-container\">\n\t\t\t\t\t\t\t\t\t\t\t\t\t\t\t<img fetchpriority=\"high\" decoding=\"async\" width=\"1005\" height=\"1024\" src=\"http:\/\/meubroker.com.br\/mirasol\/wp-content\/uploads\/2019\/07\/atendimento-1005x1024.png\" class=\"attachment-large size-large wp-image-166\" alt=\"\" srcset=\"http:\/\/meubroker.com.br\/mirasol\/wp-content\/uploads\/2019\/07\/atendimento-1005x1024.png 1005w, http:\/\/meubroker.com.br\/mirasol\/wp-content\/uploads\/2019\/07\/atendimento-294x300.png 294w, http:\/\/meubroker.com.br\/mirasol\/wp-content\/uploads\/2019\/07\/atendimento-768x783.png 768w, http:\/\/meubroker.com.br\/mirasol\/wp-content\/uploads\/2019\/07\/atendimento.png 1669w\" sizes=\"(max-width: 1005px) 100vw, 1005px\" \/>\t\t\t\t\t\t\t\t\t\t\t\t\t\t\t<\/div>\n\t\t\t\t<\/div>\n\t\t\t\t<div class=\"elementor-element elementor-element-c559bba elementor-widget elementor-widget-heading\" data-id=\"c559bba\" data-element_type=\"widget\" data-widget_type=\"heading.default\">\n\t\t\t\t<div class=\"elementor-widget-container\">\n\t\t\t\t\t<h2 class=\"elementor-heading-title elementor-size-default\">Telefone: (75)2101.7777<\/h2>\t\t\t\t<\/div>\n\t\t\t\t<\/div>\n\t\t\t\t<div class=\"elementor-element elementor-element-69915f8 elementor-widget elementor-widget-google_maps\" data-id=\"69915f8\" data-element_type=\"widget\" data-widget_type=\"google_maps.default\">\n\t\t\t\t<div class=\"elementor-widget-container\">\n\t\t\t\t\t\t\t<div class=\"elementor-custom-embed\">\n\t\t\t<iframe loading=\"lazy\"\n\t\t\t\t\tsrc=\"https:\/\/maps.google.com\/maps?q=Mirasol%20Nestl%C3%A9&#038;t=m&#038;z=15&#038;output=embed&#038;iwloc=near\"\n\t\t\t\t\ttitle=\"Mirasol Nestl\u00e9\"\n\t\t\t\t\taria-label=\"Mirasol Nestl\u00e9\"\n\t\t\t><\/iframe>\n\t\t<\/div>\n\t\t\t\t\t\t<\/div>\n\t\t\t\t<\/div>\n\t\t\t\t\t<\/div>\n\t\t<\/div>\n\t\t\t\t\t<\/div>\n\t\t<\/section>\n\t\t\t\t<\/div>\n\t\t","protected":false},"excerpt":{"rendered":"<p>Telefone: (75)2101.7777<\/p>\n","protected":false},"author":1,"featured_media":0,"parent":62,"menu_order":0,"comment_status":"closed","ping_status":"closed","template":"","meta":{"footnotes":""},"class_list":["post-72","page","type-page","status-publish","hentry","wpbf-post"],"_links":{"self":[{"href":"https:\/\/meubroker.com.br\/mirasol\/wp-json\/wp\/v2\/pages\/72","targetHints":{"allow":["GET"]}}],"collection":[{"href":"https:\/\/meubroker.com.br\/mirasol\/wp-json\/wp\/v2\/pages"}],"about":[{"href":"https:\/\/meubroker.com.br\/mirasol\/wp-json\/wp\/v2\/types\/page"}],"author":[{"embeddable":true,"href":"https:\/\/meubroker.com.br\/mirasol\/wp-json\/wp\/v2\/users\/1"}],"replies":[{"embeddable":true,"href":"https:\/\/meubroker.com.br\/mirasol\/wp-json\/wp\/v2\/comments?post=72"}],"version-history":[{"count":8,"href":"https:\/\/meubroker.com.br\/mirasol\/wp-json\/wp\/v2\/pages\/72\/revisions"}],"predecessor-version":[{"id":338,"href":"https:\/\/meubroker.com.br\/mirasol\/wp-json\/wp\/v2\/pages\/72\/revisions\/338"}],"up":[{"embeddable":true,"href":"https:\/\/meubroker.com.br\/mirasol\/wp-json\/wp\/v2\/pages\/62"}],"wp:attachment":[{"href":"https:\/\/meubroker.com.br\/mirasol\/wp-json\/wp\/v2\/media?parent=72"}],"curies":[{"name":"wp","href":"https:\/\/api.w.org\/{rel}","templated":true}]}}