{"id":76,"date":"2019-07-23T10:08:16","date_gmt":"2019-07-23T13:08:16","guid":{"rendered":"http:\/\/meubroker.com.br\/mirasol\/?page_id=76"},"modified":"2024-10-01T15:33:13","modified_gmt":"2024-10-01T18:33:13","slug":"home","status":"publish","type":"page","link":"https:\/\/meubroker.com.br\/mirasol\/","title":{"rendered":"Home"},"content":{"rendered":"\t\t<div data-elementor-type=\"wp-post\" data-elementor-id=\"76\" class=\"elementor elementor-76\">\n\t\t\t\t\t\t<section class=\"elementor-section elementor-top-section elementor-element elementor-element-0249861 elementor-section-boxed elementor-section-height-default elementor-section-height-default\" data-id=\"0249861\" data-element_type=\"section\">\n\t\t\t\t\t\t<div class=\"elementor-container elementor-column-gap-default\">\n\t\t\t\t\t<div class=\"elementor-column elementor-col-50 elementor-top-column elementor-element elementor-element-c413b03\" data-id=\"c413b03\" data-element_type=\"column\">\n\t\t\t<div class=\"elementor-widget-wrap elementor-element-populated\">\n\t\t\t\t\t\t<div class=\"elementor-element elementor-element-6c83e27 elementor-widget elementor-widget-text-editor\" data-id=\"6c83e27\" data-element_type=\"widget\" data-widget_type=\"text-editor.default\">\n\t\t\t\t<div class=\"elementor-widget-container\">\n\t\t\t\t\t\t\t\t\t<p>Seja bem vindo ao nosso site! Somos a Mirasol Transportes e Armazenagem e trabalhamos exclusivamente com produtos Nestl\u00e9, refer\u00eancia em qualidade e tradi\u00e7\u00e3o na vida dos brasileiros. Atendemos clientes em v\u00e1rias regi\u00f5es da Bahia e o nossa miss\u00e3o di\u00e1ria \u00e9 fazer com que estes estejam satisfeitos desde a visita do nosso vendedor, \u00e0 entrega por parte de nossos motoristas e ajudantes.<\/p><p>Se precisar, consulte nossos\u00a0<a href=\"http:\/\/meubroker.com.br\/mirasol\/contato\/\" target=\"_blank\" rel=\"noopener\">canais de atendimento<\/a>\u00a0e vamos fazer bons neg\u00f3cios!\u00a0<\/p><p>\u00a0<\/p>\t\t\t\t\t\t\t\t<\/div>\n\t\t\t\t<\/div>\n\t\t\t\t\t<\/div>\n\t\t<\/div>\n\t\t\t\t<div class=\"elementor-column elementor-col-50 elementor-top-column elementor-element elementor-element-1c54afb\" data-id=\"1c54afb\" data-element_type=\"column\">\n\t\t\t<div class=\"elementor-widget-wrap elementor-element-populated\">\n\t\t\t\t\t\t<div class=\"elementor-element elementor-element-3a9c09c elementor-widget elementor-widget-video\" data-id=\"3a9c09c\" data-element_type=\"widget\" data-settings=\"{&quot;youtube_url&quot;:&quot;https:\\\/\\\/www.youtube.com\\\/watch?v=QNsb3OGYR_A&quot;,&quot;video_type&quot;:&quot;youtube&quot;,&quot;controls&quot;:&quot;yes&quot;}\" data-widget_type=\"video.default\">\n\t\t\t\t<div class=\"elementor-widget-container\">\n\t\t\t\t\t\t\t<div class=\"elementor-wrapper elementor-open-inline\">\n\t\t\t<div class=\"elementor-video\"><\/div>\t\t<\/div>\n\t\t\t\t\t\t<\/div>\n\t\t\t\t<\/div>\n\t\t\t\t\t<\/div>\n\t\t<\/div>\n\t\t\t\t\t<\/div>\n\t\t<\/section>\n\t\t\t\t<section class=\"elementor-section elementor-top-section elementor-element elementor-element-0473dad elementor-section-boxed elementor-section-height-default elementor-section-height-default\" data-id=\"0473dad\" data-element_type=\"section\">\n\t\t\t\t\t\t<div class=\"elementor-container elementor-column-gap-default\">\n\t\t\t\t\t<div class=\"elementor-column elementor-col-100 elementor-top-column elementor-element elementor-element-f925ee4\" data-id=\"f925ee4\" data-element_type=\"column\">\n\t\t\t<div class=\"elementor-widget-wrap elementor-element-populated\">\n\t\t\t\t\t\t<div class=\"elementor-element elementor-element-ac5a28a elementor-widget elementor-widget-html\" data-id=\"ac5a28a\" data-element_type=\"widget\" data-widget_type=\"html.default\">\n\t\t\t\t<div class=\"elementor-widget-container\">\n\t\t\t\t\t<center><h1>Nossas Marcas<\/h1><\/center>\n\t\t\t\t<\/div>\n\t\t\t\t<\/div>\n\t\t\t\t\t<\/div>\n\t\t<\/div>\n\t\t\t\t\t<\/div>\n\t\t<\/section>\n\t\t\t\t<section class=\"elementor-section elementor-top-section elementor-element elementor-element-7f6f99e elementor-section-boxed elementor-section-height-default elementor-section-height-default\" data-id=\"7f6f99e\" data-element_type=\"section\">\n\t\t\t\t\t\t<div class=\"elementor-container elementor-column-gap-default\">\n\t\t\t\t\t<div class=\"elementor-column elementor-col-25 elementor-top-column elementor-element elementor-element-66eb590\" data-id=\"66eb590\" data-element_type=\"column\">\n\t\t\t<div class=\"elementor-widget-wrap elementor-element-populated\">\n\t\t\t\t\t\t<div class=\"elementor-element elementor-element-65db0ee elementor-widget elementor-widget-image\" data-id=\"65db0ee\" data-element_type=\"widget\" data-widget_type=\"image.default\">\n\t\t\t\t<div class=\"elementor-widget-container\">\n\t\t\t\t\t\t\t\t\t\t\t\t\t\t\t\t<a href=\"https:\/\/www.nestle.com.br\" target=\"_blank\">\n\t\t\t\t\t\t\t<img decoding=\"async\" width=\"200\" height=\"150\" src=\"http:\/\/meubroker.com.br\/mirasol\/wp-content\/uploads\/2019\/07\/nestle.png\" class=\"attachment-large size-large wp-image-89\" alt=\"\" \/>\t\t\t\t\t\t\t\t<\/a>\n\t\t\t\t\t\t\t\t\t\t\t\t\t\t\t<\/div>\n\t\t\t\t<\/div>\n\t\t\t\t\t<\/div>\n\t\t<\/div>\n\t\t\t\t<div class=\"elementor-column elementor-col-25 elementor-top-column elementor-element elementor-element-a746634\" data-id=\"a746634\" data-element_type=\"column\">\n\t\t\t<div class=\"elementor-widget-wrap elementor-element-populated\">\n\t\t\t\t\t\t<div class=\"elementor-element elementor-element-f0c76d5 elementor-widget elementor-widget-image\" data-id=\"f0c76d5\" data-element_type=\"widget\" data-widget_type=\"image.default\">\n\t\t\t\t<div class=\"elementor-widget-container\">\n\t\t\t\t\t\t\t\t\t\t\t\t\t\t\t\t<a href=\"https:\/\/www.garoto.com.br\/\" target=\"_blank\">\n\t\t\t\t\t\t\t<img decoding=\"async\" width=\"200\" height=\"150\" src=\"http:\/\/meubroker.com.br\/mirasol\/wp-content\/uploads\/2019\/07\/garoto.png\" class=\"attachment-large size-large wp-image-90\" alt=\"\" \/>\t\t\t\t\t\t\t\t<\/a>\n\t\t\t\t\t\t\t\t\t\t\t\t\t\t\t<\/div>\n\t\t\t\t<\/div>\n\t\t\t\t\t<\/div>\n\t\t<\/div>\n\t\t\t\t<div class=\"elementor-column elementor-col-25 elementor-top-column elementor-element elementor-element-e04db64\" data-id=\"e04db64\" data-element_type=\"column\">\n\t\t\t<div class=\"elementor-widget-wrap elementor-element-populated\">\n\t\t\t\t\t\t<div class=\"elementor-element elementor-element-45210d1 elementor-widget elementor-widget-image\" data-id=\"45210d1\" data-element_type=\"widget\" data-widget_type=\"image.default\">\n\t\t\t\t<div class=\"elementor-widget-container\">\n\t\t\t\t\t\t\t\t\t\t\t\t\t\t\t\t<a href=\"https:\/\/www.purina-latam.com\/pt-br\/br\/purina\" target=\"_blank\">\n\t\t\t\t\t\t\t<img decoding=\"async\" width=\"255\" height=\"150\" src=\"http:\/\/meubroker.com.br\/mirasol\/wp-content\/uploads\/2019\/07\/purina_n.png\" class=\"attachment-large size-large wp-image-92\" alt=\"\" \/>\t\t\t\t\t\t\t\t<\/a>\n\t\t\t\t\t\t\t\t\t\t\t\t\t\t\t<\/div>\n\t\t\t\t<\/div>\n\t\t\t\t\t<\/div>\n\t\t<\/div>\n\t\t\t\t<div class=\"elementor-column elementor-col-25 elementor-top-column elementor-element elementor-element-6a77ba5\" data-id=\"6a77ba5\" data-element_type=\"column\">\n\t\t\t<div class=\"elementor-widget-wrap elementor-element-populated\">\n\t\t\t\t\t\t<div class=\"elementor-element elementor-element-4f3ddf9 elementor-widget elementor-widget-image\" data-id=\"4f3ddf9\" data-element_type=\"widget\" data-widget_type=\"image.default\">\n\t\t\t\t<div class=\"elementor-widget-container\">\n\t\t\t\t\t\t\t\t\t\t\t\t\t\t\t\t<a href=\"https:\/\/www.nestleprofessional.com.br\/Menu\/culinarios\" target=\"_blank\">\n\t\t\t\t\t\t\t<img loading=\"lazy\" decoding=\"async\" width=\"200\" height=\"150\" src=\"http:\/\/meubroker.com.br\/mirasol\/wp-content\/uploads\/2019\/07\/nestle_pro.png\" class=\"attachment-large size-large wp-image-94\" alt=\"\" \/>\t\t\t\t\t\t\t\t<\/a>\n\t\t\t\t\t\t\t\t\t\t\t\t\t\t\t<\/div>\n\t\t\t\t<\/div>\n\t\t\t\t\t<\/div>\n\t\t<\/div>\n\t\t\t\t\t<\/div>\n\t\t<\/section>\n\t\t\t\t<section class=\"elementor-section elementor-top-section elementor-element elementor-element-e7d8de3 elementor-section-boxed elementor-section-height-default elementor-section-height-default\" data-id=\"e7d8de3\" data-element_type=\"section\">\n\t\t\t\t\t\t<div class=\"elementor-container elementor-column-gap-default\">\n\t\t\t\t\t<div class=\"elementor-column elementor-col-33 elementor-top-column elementor-element elementor-element-a16090c\" data-id=\"a16090c\" data-element_type=\"column\">\n\t\t\t<div class=\"elementor-widget-wrap\">\n\t\t\t\t\t\t\t<\/div>\n\t\t<\/div>\n\t\t\t\t<div class=\"elementor-column elementor-col-33 elementor-top-column elementor-element elementor-element-2fe143f\" data-id=\"2fe143f\" data-element_type=\"column\">\n\t\t\t<div class=\"elementor-widget-wrap\">\n\t\t\t\t\t\t\t<\/div>\n\t\t<\/div>\n\t\t\t\t<div class=\"elementor-column elementor-col-33 elementor-top-column elementor-element elementor-element-d7c19ab\" data-id=\"d7c19ab\" data-element_type=\"column\">\n\t\t\t<div class=\"elementor-widget-wrap\">\n\t\t\t\t\t\t\t<\/div>\n\t\t<\/div>\n\t\t\t\t\t<\/div>\n\t\t<\/section>\n\t\t\t\t<\/div>\n\t\t","protected":false},"excerpt":{"rendered":"<p>Seja bem vindo ao nosso site! Somos a Mirasol Transportes e Armazenagem e trabalhamos exclusivamente com produtos Nestl\u00e9, refer\u00eancia em qualidade e tradi\u00e7\u00e3o na vida dos brasileiros. Atendemos clientes em v\u00e1rias regi\u00f5es da Bahia e o nossa miss\u00e3o di\u00e1ria \u00e9 fazer com que estes estejam satisfeitos desde a visita do nosso vendedor, \u00e0 entrega por [&hellip;]<\/p>\n","protected":false},"author":1,"featured_media":0,"parent":0,"menu_order":0,"comment_status":"closed","ping_status":"closed","template":"","meta":{"footnotes":""},"class_list":["post-76","page","type-page","status-publish","hentry","wpbf-post"],"_links":{"self":[{"href":"https:\/\/meubroker.com.br\/mirasol\/wp-json\/wp\/v2\/pages\/76","targetHints":{"allow":["GET"]}}],"collection":[{"href":"https:\/\/meubroker.com.br\/mirasol\/wp-json\/wp\/v2\/pages"}],"about":[{"href":"https:\/\/meubroker.com.br\/mirasol\/wp-json\/wp\/v2\/types\/page"}],"author":[{"embeddable":true,"href":"https:\/\/meubroker.com.br\/mirasol\/wp-json\/wp\/v2\/users\/1"}],"replies":[{"embeddable":true,"href":"https:\/\/meubroker.com.br\/mirasol\/wp-json\/wp\/v2\/comments?post=76"}],"version-history":[{"count":50,"href":"https:\/\/meubroker.com.br\/mirasol\/wp-json\/wp\/v2\/pages\/76\/revisions"}],"predecessor-version":[{"id":418,"href":"https:\/\/meubroker.com.br\/mirasol\/wp-json\/wp\/v2\/pages\/76\/revisions\/418"}],"wp:attachment":[{"href":"https:\/\/meubroker.com.br\/mirasol\/wp-json\/wp\/v2\/media?parent=76"}],"curies":[{"name":"wp","href":"https:\/\/api.w.org\/{rel}","templated":true}]}}